{"id":2587,"date":"2024-10-16T08:31:49","date_gmt":"2024-10-16T08:31:49","guid":{"rendered":"https:\/\/obrasyproyectosglobales.com\/site-map\/"},"modified":"2025-02-21T09:14:27","modified_gmt":"2025-02-21T09:14:27","slug":"site-map","status":"publish","type":"page","link":"https:\/\/obrasyproyectosglobales.com\/en\/site-map\/","title":{"rendered":"Site Map"},"content":{"rendered":"\t\t<div data-elementor-type=\"wp-page\" data-elementor-id=\"2587\" class=\"elementor elementor-2587 elementor-2226\">\n\t\t\t\t<div class=\"elementor-element elementor-element-c4efb32 thegem-e-con-layout-thegem e-flex e-con-boxed e-con e-parent\" data-id=\"c4efb32\" data-element_type=\"container\" data-settings=\"{&quot;background_background&quot;:&quot;classic&quot;,&quot;thegem_container_layout&quot;:&quot;thegem&quot;}\">\r\n\t\t\t\t\t<div class=\"e-con-inner\">\r\n\t\t\t\t<div class=\"elementor-element elementor-element-2f7fa8f flex-horizontal-align-default flex-horizontal-align-tablet-default flex-horizontal-align-mobile-default flex-vertical-align-default flex-vertical-align-tablet-default flex-vertical-align-mobile-default elementor-widget elementor-widget-heading\" data-id=\"2f7fa8f\" data-element_type=\"widget\" data-widget_type=\"heading.default\">\n\t\t\t\t<div class=\"elementor-widget-container\">\n\t\t\t\t\t<h1 class=\"elementor-heading-title elementor-size-default\">Site Map<\/h1>\t\t\t\t<\/div>\n\t\t\t\t<\/div>\n\t\t\t\t\t<\/div>\n\t\t\t\t<\/div>\n\t\t<div class=\"elementor-element elementor-element-e2c184e thegem-e-con-layout-thegem e-flex e-con-boxed e-con e-parent\" data-id=\"e2c184e\" data-element_type=\"container\" data-settings=\"{&quot;thegem_container_layout&quot;:&quot;thegem&quot;}\">\r\n\t\t\t\t\t<div class=\"e-con-inner\">\r\n\t\t<div class=\"elementor-element elementor-element-0214a12 e-con-full thegem-e-con-layout-thegem e-flex e-con e-child\" data-id=\"0214a12\" data-element_type=\"container\" data-settings=\"{&quot;thegem_container_layout&quot;:&quot;thegem&quot;}\">\r\n\t\t\t\t<div class=\"elementor-element elementor-element-492a9bf flex-horizontal-align-default flex-horizontal-align-tablet-default flex-horizontal-align-mobile-default flex-vertical-align-default flex-vertical-align-tablet-default flex-vertical-align-mobile-default elementor-widget elementor-widget-thegem-custom-menu\" data-id=\"492a9bf\" data-element_type=\"widget\" data-widget_type=\"thegem-custom-menu.default\">\n\t\t\t\t<div class=\"elementor-widget-container\">\n\t\t\t\t\t\n\t\t<div id=\"492a9bf\" class=\"thegem-menu-custom thegem-menu-custom--vertical thegem-menu-custom--left style-hover-background style-hover-animation-fade style-hover-type-background-color style-active-background style-active-type-background-color\">\n\t\t\t<div class=\"menu-custom-header  main-menu-item\"><span>Navigation<\/span><div class=\"separator\"><span><\/span><\/div><\/div><ul id=\"menu-main-menu-ingles\" class=\"nav-menu-custom\"><li id=\"menu-item-2607\" class=\"menu-item menu-item-type-post_type menu-item-object-page menu-item-home menu-item-2607 submenu-item default inherit-colors\"><a href=\"https:\/\/obrasyproyectosglobales.com\/en\/\"><span class=\"text\">Home<i class=\"indicator\"><\/i><\/span><\/a><\/li>\n<li id=\"menu-item-2608\" class=\"menu-item menu-item-type-custom menu-item-object-custom menu-item-2608 submenu-item default inherit-colors\"><a href=\"https:\/\/obrasyproyectosglobales.com\/en\/#who-we-are\"><span class=\"text\">Who we are<i class=\"indicator\"><\/i><\/span><\/a><\/li>\n<li id=\"menu-item-2609\" class=\"menu-item menu-item-type-custom menu-item-object-custom menu-item-parent menu-item-2609 submenu-item default inherit-colors\"><a href=\"https:\/\/obrasyproyectosglobales.com\/en\/#business-lines\"><span class=\"text\">Business Lines<i class=\"indicator\"><\/i><\/span><\/a><\/li>\n<li id=\"menu-item-2614\" class=\"menu-item menu-item-type-post_type menu-item-object-page menu-item-2614 submenu-item default inherit-colors\"><a href=\"https:\/\/obrasyproyectosglobales.com\/en\/investment\/\"><span class=\"text\">Investment<i class=\"indicator\"><\/i><\/span><\/a><\/li>\n<li id=\"menu-item-3056\" class=\"menu-item menu-item-type-post_type menu-item-object-page menu-item-3056 submenu-item default inherit-colors\"><a href=\"https:\/\/obrasyproyectosglobales.com\/en\/projects\/\"><span class=\"text\">Projects<i class=\"indicator\"><\/i><\/span><\/a><\/li>\n<li id=\"menu-item-2616\" class=\"menu-item menu-item-type-post_type menu-item-object-page menu-item-2616 submenu-item default inherit-colors\"><a href=\"https:\/\/obrasyproyectosglobales.com\/en\/contact\/\"><span class=\"text\">Contact<i class=\"indicator\"><\/i><\/span><\/a><\/li>\n<li id=\"menu-item-wpml-ls-30-en\" class=\"menu-item wpml-ls-slot-30 wpml-ls-item wpml-ls-item-en wpml-ls-current-language wpml-ls-menu-item wpml-ls-first-item menu-item-type-wpml_ls_menu_item menu-item-object-wpml_ls_menu_item menu-item-parent menu-item-wpml-ls-30-en submenu-item default inherit-colors\"><a href=\"https:\/\/obrasyproyectosglobales.com\/en\/\" role=\"menuitem\"><span class=\"text\"><img\n            class=\"wpml-ls-flag\"\n            src=\"https:\/\/obrasyproyectosglobales.com\/wp-content\/plugins\/sitepress-multilingual-cms\/res\/flags\/en.svg\"\n            alt=\"English\"\n            \n            \n    \/><i class=\"indicator\"><\/i><\/span><\/a><\/li>\n<\/ul>\t\t<\/div>\n\n\t\t\t\t\t\t<\/div>\n\t\t\t\t<\/div>\n\t\t\t\t<\/div>\n\t\t<div class=\"elementor-element elementor-element-153447e e-con-full thegem-e-con-layout-thegem e-flex e-con e-child\" data-id=\"153447e\" data-element_type=\"container\" data-settings=\"{&quot;thegem_container_layout&quot;:&quot;thegem&quot;}\">\r\n\t\t\t\t<div class=\"elementor-element elementor-element-d1e2937 flex-horizontal-align-default flex-horizontal-align-tablet-default flex-horizontal-align-mobile-default flex-vertical-align-default flex-vertical-align-tablet-default flex-vertical-align-mobile-default elementor-widget elementor-widget-thegem-custom-menu\" data-id=\"d1e2937\" data-element_type=\"widget\" data-widget_type=\"thegem-custom-menu.default\">\n\t\t\t\t<div class=\"elementor-widget-container\">\n\t\t\t\t\t\n\t\t<div id=\"d1e2937\" class=\"thegem-menu-custom thegem-menu-custom--vertical thegem-menu-custom--left style-hover-background style-hover-animation-fade style-hover-type-background-color style-active-background style-active-type-background-color\">\n\t\t\t<div class=\"menu-custom-header  main-menu-item\"><span>Legal<\/span><div class=\"separator\"><span><\/span><\/div><\/div><ul id=\"menu-footer-menu-ingles\" class=\"nav-menu-custom\"><li id=\"menu-item-2602\" class=\"menu-item menu-item-type-post_type menu-item-object-page menu-item-2602 submenu-item default inherit-colors\"><a href=\"https:\/\/obrasyproyectosglobales.com\/en\/legal-notice\/\"><span class=\"text\">Legal Notice<i class=\"indicator\"><\/i><\/span><\/a><\/li>\n<li id=\"menu-item-2603\" class=\"menu-item menu-item-type-post_type menu-item-object-page menu-item-2603 submenu-item default inherit-colors\"><a href=\"https:\/\/obrasyproyectosglobales.com\/en\/accessibility\/\"><span class=\"text\">Accessibility<i class=\"indicator\"><\/i><\/span><\/a><\/li>\n<li id=\"menu-item-2604\" class=\"menu-item menu-item-type-post_type menu-item-object-page menu-item-2604 submenu-item default inherit-colors\"><a href=\"https:\/\/obrasyproyectosglobales.com\/en\/site-map\/\"><span class=\"text\">Site Map<i class=\"indicator\"><\/i><\/span><\/a><\/li>\n<li id=\"menu-item-2605\" class=\"menu-item menu-item-type-post_type menu-item-object-page menu-item-2605 submenu-item default inherit-colors\"><a href=\"https:\/\/obrasyproyectosglobales.com\/en\/cookie-policy\/\"><span class=\"text\">Cookie Policy<i class=\"indicator\"><\/i><\/span><\/a><\/li>\n<li id=\"menu-item-2898\" class=\"menu-item menu-item-type-post_type menu-item-object-page menu-item-2898 submenu-item default inherit-colors\"><a href=\"https:\/\/obrasyproyectosglobales.com\/en\/blog\/\"><span class=\"text\">Blog<i class=\"indicator\"><\/i><\/span><\/a><\/li>\n<\/ul>\t\t<\/div>\n\n\t\t\t\t\t\t<\/div>\n\t\t\t\t<\/div>\n\t\t\t\t<\/div>\n\t\t\t\t\t<\/div>\n\t\t\t\t<\/div>\n\t\t\t\t<\/div>\n\t\t","protected":false},"excerpt":{"rendered":"<p>Site Map Navigation Inicio Qui\u00e9nes Somos L\u00edneas de Negocio Inversi\u00f3n Proyectos Contacto Legal Aviso Legal Accesibilidad Mapa Web Pol\u00edtica de&#8230;<\/p>\n","protected":false},"author":1,"featured_media":0,"parent":0,"menu_order":0,"comment_status":"closed","ping_status":"closed","template":"page-fullwidth.php","meta":{"footnotes":""},"class_list":["post-2587","page","type-page","status-publish"],"_links":{"self":[{"href":"https:\/\/obrasyproyectosglobales.com\/en\/wp-json\/wp\/v2\/pages\/2587","targetHints":{"allow":["GET"]}}],"collection":[{"href":"https:\/\/obrasyproyectosglobales.com\/en\/wp-json\/wp\/v2\/pages"}],"about":[{"href":"https:\/\/obrasyproyectosglobales.com\/en\/wp-json\/wp\/v2\/types\/page"}],"author":[{"embeddable":true,"href":"https:\/\/obrasyproyectosglobales.com\/en\/wp-json\/wp\/v2\/users\/1"}],"replies":[{"embeddable":true,"href":"https:\/\/obrasyproyectosglobales.com\/en\/wp-json\/wp\/v2\/comments?post=2587"}],"version-history":[{"count":3,"href":"https:\/\/obrasyproyectosglobales.com\/en\/wp-json\/wp\/v2\/pages\/2587\/revisions"}],"predecessor-version":[{"id":2963,"href":"https:\/\/obrasyproyectosglobales.com\/en\/wp-json\/wp\/v2\/pages\/2587\/revisions\/2963"}],"wp:attachment":[{"href":"https:\/\/obrasyproyectosglobales.com\/en\/wp-json\/wp\/v2\/media?parent=2587"}],"curies":[{"name":"wp","href":"https:\/\/api.w.org\/{rel}","templated":true}]}}